{"id":1495,"date":"2019-11-06T11:57:16","date_gmt":"2019-11-06T10:57:16","guid":{"rendered":"http:\/\/www.camping-locronan.fr\/locronan\/"},"modified":"2019-11-21T11:46:16","modified_gmt":"2019-11-21T10:46:16","slug":"locronan","status":"publish","type":"page","link":"https:\/\/www.camping-locronan.fr\/de\/locronan\/","title":{"rendered":"Locronan"},"content":{"rendered":"","protected":false},"excerpt":{"rendered":"","protected":false},"author":1,"featured_media":1388,"parent":0,"menu_order":0,"comment_status":"closed","ping_status":"closed","template":"","meta":{"footnotes":""},"class_list":["post-1495","page","type-page","status-publish","has-post-thumbnail","hentry"],"yoast_head":"<!-- This site is optimized with the Yoast SEO plugin v25.3 - https:\/\/yoast.com\/wordpress\/plugins\/seo\/ -->\n<title>Tourismus in der Bretagne in Locronan, Kultur, Landschaften | Locronan Holidays<\/title>\n<meta name=\"description\" content=\"Der Campingplatz Locronan bietet eine ideale Lage an der Pointe Bretagne. Der Campingplatz bietet Ihnen die M\u00f6glichkeit, die wichtigsten Sehensw\u00fcrdigkeiten des s\u00fcdlichen Landesteils mit Pointe du Raz, Quimper, Douarnenez und der Halbinsel Crozon zu besuchen. Eine zentrale Anlaufstelle f\u00fcr Besuche\" \/>\n<meta name=\"robots\" content=\"index, follow, max-snippet:-1, max-image-preview:large, max-video-preview:-1\" \/>\n<link rel=\"canonical\" href=\"https:\/\/www.camping-locronan.fr\/de\/locronan\/\" \/>\n<meta property=\"og:locale\" content=\"de_DE\" \/>\n<meta property=\"og:type\" content=\"article\" \/>\n<meta property=\"og:title\" content=\"Tourismus in der Bretagne in Locronan, Kultur, Landschaften | Locronan Holidays\" \/>\n<meta property=\"og:description\" content=\"Der Campingplatz Locronan bietet eine ideale Lage an der Pointe Bretagne. Der Campingplatz bietet Ihnen die M\u00f6glichkeit, die wichtigsten Sehensw\u00fcrdigkeiten des s\u00fcdlichen Landesteils mit Pointe du Raz, Quimper, Douarnenez und der Halbinsel Crozon zu besuchen. Eine zentrale Anlaufstelle f\u00fcr Besuche\" \/>\n<meta property=\"og:url\" content=\"https:\/\/www.camping-locronan.fr\/de\/locronan\/\" \/>\n<meta property=\"og:site_name\" content=\"Camping de Locronan\" \/>\n<meta property=\"article:modified_time\" content=\"2019-11-21T10:46:16+00:00\" \/>\n<meta property=\"og:image\" content=\"https:\/\/www.camping-locronan.fr\/wp-content\/uploads\/2019\/09\/visite-locronan.jpg\" \/>\n\t<meta property=\"og:image:width\" content=\"1600\" \/>\n\t<meta property=\"og:image:height\" content=\"400\" \/>\n\t<meta property=\"og:image:type\" content=\"image\/jpeg\" \/>\n<meta name=\"twitter:card\" content=\"summary_large_image\" \/>\n<script type=\"application\/ld+json\" class=\"yoast-schema-graph\">{\"@context\":\"https:\/\/schema.org\",\"@graph\":[{\"@type\":\"WebPage\",\"@id\":\"https:\/\/www.camping-locronan.fr\/de\/locronan\/\",\"url\":\"https:\/\/www.camping-locronan.fr\/de\/locronan\/\",\"name\":\"Tourismus in der Bretagne in Locronan, Kultur, Landschaften | Locronan Holidays\",\"isPartOf\":{\"@id\":\"https:\/\/www.camping-locronan.fr\/de\/#website\"},\"primaryImageOfPage\":{\"@id\":\"https:\/\/www.camping-locronan.fr\/de\/locronan\/#primaryimage\"},\"image\":{\"@id\":\"https:\/\/www.camping-locronan.fr\/de\/locronan\/#primaryimage\"},\"thumbnailUrl\":\"https:\/\/www.camping-locronan.fr\/wp-content\/uploads\/2019\/09\/visite-locronan.jpg\",\"datePublished\":\"2019-11-06T10:57:16+00:00\",\"dateModified\":\"2019-11-21T10:46:16+00:00\",\"description\":\"Der Campingplatz Locronan bietet eine ideale Lage an der Pointe Bretagne. Der Campingplatz bietet Ihnen die M\u00f6glichkeit, die wichtigsten Sehensw\u00fcrdigkeiten des s\u00fcdlichen Landesteils mit Pointe du Raz, Quimper, Douarnenez und der Halbinsel Crozon zu besuchen. Eine zentrale Anlaufstelle f\u00fcr Besuche\",\"breadcrumb\":{\"@id\":\"https:\/\/www.camping-locronan.fr\/de\/locronan\/#breadcrumb\"},\"inLanguage\":\"de\",\"potentialAction\":[{\"@type\":\"ReadAction\",\"target\":[\"https:\/\/www.camping-locronan.fr\/de\/locronan\/\"]}]},{\"@type\":\"ImageObject\",\"inLanguage\":\"de\",\"@id\":\"https:\/\/www.camping-locronan.fr\/de\/locronan\/#primaryimage\",\"url\":\"https:\/\/www.camping-locronan.fr\/wp-content\/uploads\/2019\/09\/visite-locronan.jpg\",\"contentUrl\":\"https:\/\/www.camping-locronan.fr\/wp-content\/uploads\/2019\/09\/visite-locronan.jpg\",\"width\":1600,\"height\":400,\"caption\":\"visite locronan\"},{\"@type\":\"BreadcrumbList\",\"@id\":\"https:\/\/www.camping-locronan.fr\/de\/locronan\/#breadcrumb\",\"itemListElement\":[{\"@type\":\"ListItem\",\"position\":1,\"name\":\"Camping Finist\u00e8re Sud\",\"item\":\"https:\/\/www.camping-locronan.fr\/de\/\"},{\"@type\":\"ListItem\",\"position\":2,\"name\":\"Locronan Tourismus\"}]},{\"@type\":\"WebSite\",\"@id\":\"https:\/\/www.camping-locronan.fr\/de\/#website\",\"url\":\"https:\/\/www.camping-locronan.fr\/de\/\",\"name\":\"Camping de Locronan\",\"description\":\"\",\"potentialAction\":[{\"@type\":\"SearchAction\",\"target\":{\"@type\":\"EntryPoint\",\"urlTemplate\":\"https:\/\/www.camping-locronan.fr\/de\/?s={search_term_string}\"},\"query-input\":{\"@type\":\"PropertyValueSpecification\",\"valueRequired\":true,\"valueName\":\"search_term_string\"}}],\"inLanguage\":\"de\"}]}<\/script>\n<!-- \/ Yoast SEO plugin. -->","yoast_head_json":{"title":"Tourismus in der Bretagne in Locronan, Kultur, Landschaften | Locronan Holidays","description":"Der Campingplatz Locronan bietet eine ideale Lage an der Pointe Bretagne. Der Campingplatz bietet Ihnen die M\u00f6glichkeit, die wichtigsten Sehensw\u00fcrdigkeiten des s\u00fcdlichen Landesteils mit Pointe du Raz, Quimper, Douarnenez und der Halbinsel Crozon zu besuchen. Eine zentrale Anlaufstelle f\u00fcr Besuche","robots":{"index":"index","follow":"follow","max-snippet":"max-snippet:-1","max-image-preview":"max-image-preview:large","max-video-preview":"max-video-preview:-1"},"canonical":"https:\/\/www.camping-locronan.fr\/de\/locronan\/","og_locale":"de_DE","og_type":"article","og_title":"Tourismus in der Bretagne in Locronan, Kultur, Landschaften | Locronan Holidays","og_description":"Der Campingplatz Locronan bietet eine ideale Lage an der Pointe Bretagne. Der Campingplatz bietet Ihnen die M\u00f6glichkeit, die wichtigsten Sehensw\u00fcrdigkeiten des s\u00fcdlichen Landesteils mit Pointe du Raz, Quimper, Douarnenez und der Halbinsel Crozon zu besuchen. Eine zentrale Anlaufstelle f\u00fcr Besuche","og_url":"https:\/\/www.camping-locronan.fr\/de\/locronan\/","og_site_name":"Camping de Locronan","article_modified_time":"2019-11-21T10:46:16+00:00","og_image":[{"width":1600,"height":400,"url":"https:\/\/www.camping-locronan.fr\/wp-content\/uploads\/2019\/09\/visite-locronan.jpg","type":"image\/jpeg"}],"twitter_card":"summary_large_image","schema":{"@context":"https:\/\/schema.org","@graph":[{"@type":"WebPage","@id":"https:\/\/www.camping-locronan.fr\/de\/locronan\/","url":"https:\/\/www.camping-locronan.fr\/de\/locronan\/","name":"Tourismus in der Bretagne in Locronan, Kultur, Landschaften | Locronan Holidays","isPartOf":{"@id":"https:\/\/www.camping-locronan.fr\/de\/#website"},"primaryImageOfPage":{"@id":"https:\/\/www.camping-locronan.fr\/de\/locronan\/#primaryimage"},"image":{"@id":"https:\/\/www.camping-locronan.fr\/de\/locronan\/#primaryimage"},"thumbnailUrl":"https:\/\/www.camping-locronan.fr\/wp-content\/uploads\/2019\/09\/visite-locronan.jpg","datePublished":"2019-11-06T10:57:16+00:00","dateModified":"2019-11-21T10:46:16+00:00","description":"Der Campingplatz Locronan bietet eine ideale Lage an der Pointe Bretagne. Der Campingplatz bietet Ihnen die M\u00f6glichkeit, die wichtigsten Sehensw\u00fcrdigkeiten des s\u00fcdlichen Landesteils mit Pointe du Raz, Quimper, Douarnenez und der Halbinsel Crozon zu besuchen. Eine zentrale Anlaufstelle f\u00fcr Besuche","breadcrumb":{"@id":"https:\/\/www.camping-locronan.fr\/de\/locronan\/#breadcrumb"},"inLanguage":"de","potentialAction":[{"@type":"ReadAction","target":["https:\/\/www.camping-locronan.fr\/de\/locronan\/"]}]},{"@type":"ImageObject","inLanguage":"de","@id":"https:\/\/www.camping-locronan.fr\/de\/locronan\/#primaryimage","url":"https:\/\/www.camping-locronan.fr\/wp-content\/uploads\/2019\/09\/visite-locronan.jpg","contentUrl":"https:\/\/www.camping-locronan.fr\/wp-content\/uploads\/2019\/09\/visite-locronan.jpg","width":1600,"height":400,"caption":"visite locronan"},{"@type":"BreadcrumbList","@id":"https:\/\/www.camping-locronan.fr\/de\/locronan\/#breadcrumb","itemListElement":[{"@type":"ListItem","position":1,"name":"Camping Finist\u00e8re Sud","item":"https:\/\/www.camping-locronan.fr\/de\/"},{"@type":"ListItem","position":2,"name":"Locronan Tourismus"}]},{"@type":"WebSite","@id":"https:\/\/www.camping-locronan.fr\/de\/#website","url":"https:\/\/www.camping-locronan.fr\/de\/","name":"Camping de Locronan","description":"","potentialAction":[{"@type":"SearchAction","target":{"@type":"EntryPoint","urlTemplate":"https:\/\/www.camping-locronan.fr\/de\/?s={search_term_string}"},"query-input":{"@type":"PropertyValueSpecification","valueRequired":true,"valueName":"search_term_string"}}],"inLanguage":"de"}]}},"_links":{"self":[{"href":"https:\/\/www.camping-locronan.fr\/de\/wp-json\/wp\/v2\/pages\/1495"}],"collection":[{"href":"https:\/\/www.camping-locronan.fr\/de\/wp-json\/wp\/v2\/pages"}],"about":[{"href":"https:\/\/www.camping-locronan.fr\/de\/wp-json\/wp\/v2\/types\/page"}],"author":[{"embeddable":true,"href":"https:\/\/www.camping-locronan.fr\/de\/wp-json\/wp\/v2\/users\/1"}],"replies":[{"embeddable":true,"href":"https:\/\/www.camping-locronan.fr\/de\/wp-json\/wp\/v2\/comments?post=1495"}],"version-history":[{"count":6,"href":"https:\/\/www.camping-locronan.fr\/de\/wp-json\/wp\/v2\/pages\/1495\/revisions"}],"predecessor-version":[{"id":2194,"href":"https:\/\/www.camping-locronan.fr\/de\/wp-json\/wp\/v2\/pages\/1495\/revisions\/2194"}],"wp:featuredmedia":[{"embeddable":true,"href":"https:\/\/www.camping-locronan.fr\/de\/wp-json\/wp\/v2\/media\/1388"}],"wp:attachment":[{"href":"https:\/\/www.camping-locronan.fr\/de\/wp-json\/wp\/v2\/media?parent=1495"}],"curies":[{"name":"wp","href":"https:\/\/api.w.org\/{rel}","templated":true}]}}