{"id":4223,"date":"2022-03-24T11:28:52","date_gmt":"2022-03-24T10:28:52","guid":{"rendered":"https:\/\/www.camping-locronan.fr\/?page_id=4223"},"modified":"2022-11-02T12:15:47","modified_gmt":"2022-11-02T11:15:47","slug":"camping-brest","status":"publish","type":"page","link":"https:\/\/www.camping-locronan.fr\/fr\/camping-brest\/","title":{"rendered":"Camping Brest"},"content":{"rendered":"","protected":false},"excerpt":{"rendered":"","protected":false},"author":1,"featured_media":4271,"parent":0,"menu_order":0,"comment_status":"closed","ping_status":"closed","template":"","meta":{"footnotes":""},"class_list":["post-4223","page","type-page","status-publish","has-post-thumbnail","hentry"],"yoast_head":"<!-- This site is optimized with the Yoast SEO plugin v25.3 - https:\/\/yoast.com\/wordpress\/plugins\/seo\/ -->\n<title>Camping Brest - R\u00e9servez vos vacances \u00e0 Brest au meilleur prix Finist\u00e8re Sud<\/title>\n<meta name=\"description\" content=\"D\u00e9couvrez le camping Locronan, un camping pr\u00e8s de Brest, id\u00e9al pour partir \u00e0 la d\u00e9couverte de la ville de Brest et le Finist\u00e8re Sud.\" \/>\n<meta name=\"robots\" content=\"index, follow, max-snippet:-1, max-image-preview:large, max-video-preview:-1\" \/>\n<link rel=\"canonical\" href=\"https:\/\/www.camping-locronan.fr\/fr\/camping-brest\/\" \/>\n<meta property=\"og:locale\" content=\"fr_FR\" \/>\n<meta property=\"og:type\" content=\"article\" \/>\n<meta property=\"og:title\" content=\"Camping Brest - R\u00e9servez vos vacances \u00e0 Brest au meilleur prix Finist\u00e8re Sud\" \/>\n<meta property=\"og:description\" content=\"D\u00e9couvrez le camping Locronan, un camping pr\u00e8s de Brest, id\u00e9al pour partir \u00e0 la d\u00e9couverte de la ville de Brest et le Finist\u00e8re Sud.\" \/>\n<meta property=\"og:url\" content=\"https:\/\/www.camping-locronan.fr\/fr\/camping-brest\/\" \/>\n<meta property=\"og:site_name\" content=\"Camping de Locronan\" \/>\n<meta property=\"article:modified_time\" content=\"2022-11-02T11:15:47+00:00\" \/>\n<meta property=\"og:image\" content=\"https:\/\/www.camping-locronan.fr\/wp-content\/uploads\/2022\/04\/brest-locronan.jpg\" \/>\n\t<meta property=\"og:image:width\" content=\"1915\" \/>\n\t<meta property=\"og:image:height\" content=\"514\" \/>\n\t<meta property=\"og:image:type\" content=\"image\/jpeg\" \/>\n<meta name=\"twitter:card\" content=\"summary_large_image\" \/>\n<script type=\"application\/ld+json\" class=\"yoast-schema-graph\">{\"@context\":\"https:\/\/schema.org\",\"@graph\":[{\"@type\":\"WebPage\",\"@id\":\"https:\/\/www.camping-locronan.fr\/fr\/camping-brest\/\",\"url\":\"https:\/\/www.camping-locronan.fr\/fr\/camping-brest\/\",\"name\":\"Camping Brest - R\u00e9servez vos vacances \u00e0 Brest au meilleur prix Finist\u00e8re Sud\",\"isPartOf\":{\"@id\":\"https:\/\/www.camping-locronan.fr\/fr\/#website\"},\"primaryImageOfPage\":{\"@id\":\"https:\/\/www.camping-locronan.fr\/fr\/camping-brest\/#primaryimage\"},\"image\":{\"@id\":\"https:\/\/www.camping-locronan.fr\/fr\/camping-brest\/#primaryimage\"},\"thumbnailUrl\":\"https:\/\/www.camping-locronan.fr\/wp-content\/uploads\/2022\/04\/brest-locronan.jpg\",\"datePublished\":\"2022-03-24T10:28:52+00:00\",\"dateModified\":\"2022-11-02T11:15:47+00:00\",\"description\":\"D\u00e9couvrez le camping Locronan, un camping pr\u00e8s de Brest, id\u00e9al pour partir \u00e0 la d\u00e9couverte de la ville de Brest et le Finist\u00e8re Sud.\",\"breadcrumb\":{\"@id\":\"https:\/\/www.camping-locronan.fr\/fr\/camping-brest\/#breadcrumb\"},\"inLanguage\":\"fr-FR\",\"potentialAction\":[{\"@type\":\"ReadAction\",\"target\":[\"https:\/\/www.camping-locronan.fr\/fr\/camping-brest\/\"]}]},{\"@type\":\"ImageObject\",\"inLanguage\":\"fr-FR\",\"@id\":\"https:\/\/www.camping-locronan.fr\/fr\/camping-brest\/#primaryimage\",\"url\":\"https:\/\/www.camping-locronan.fr\/wp-content\/uploads\/2022\/04\/brest-locronan.jpg\",\"contentUrl\":\"https:\/\/www.camping-locronan.fr\/wp-content\/uploads\/2022\/04\/brest-locronan.jpg\",\"width\":1915,\"height\":514,\"caption\":\"tourisme brest phare\"},{\"@type\":\"BreadcrumbList\",\"@id\":\"https:\/\/www.camping-locronan.fr\/fr\/camping-brest\/#breadcrumb\",\"itemListElement\":[{\"@type\":\"ListItem\",\"position\":1,\"name\":\"Camping Finist\u00e8re Sud\",\"item\":\"https:\/\/www.camping-locronan.fr\/fr\/\"},{\"@type\":\"ListItem\",\"position\":2,\"name\":\"Camping pr\u00e8s de Brest\"}]},{\"@type\":\"WebSite\",\"@id\":\"https:\/\/www.camping-locronan.fr\/fr\/#website\",\"url\":\"https:\/\/www.camping-locronan.fr\/fr\/\",\"name\":\"Camping de Locronan\",\"description\":\"\",\"potentialAction\":[{\"@type\":\"SearchAction\",\"target\":{\"@type\":\"EntryPoint\",\"urlTemplate\":\"https:\/\/www.camping-locronan.fr\/fr\/?s={search_term_string}\"},\"query-input\":{\"@type\":\"PropertyValueSpecification\",\"valueRequired\":true,\"valueName\":\"search_term_string\"}}],\"inLanguage\":\"fr-FR\"}]}<\/script>\n<!-- \/ Yoast SEO plugin. -->","yoast_head_json":{"title":"Camping Brest - R\u00e9servez vos vacances \u00e0 Brest au meilleur prix Finist\u00e8re Sud","description":"D\u00e9couvrez le camping Locronan, un camping pr\u00e8s de Brest, id\u00e9al pour partir \u00e0 la d\u00e9couverte de la ville de Brest et le Finist\u00e8re Sud.","robots":{"index":"index","follow":"follow","max-snippet":"max-snippet:-1","max-image-preview":"max-image-preview:large","max-video-preview":"max-video-preview:-1"},"canonical":"https:\/\/www.camping-locronan.fr\/fr\/camping-brest\/","og_locale":"fr_FR","og_type":"article","og_title":"Camping Brest - R\u00e9servez vos vacances \u00e0 Brest au meilleur prix Finist\u00e8re Sud","og_description":"D\u00e9couvrez le camping Locronan, un camping pr\u00e8s de Brest, id\u00e9al pour partir \u00e0 la d\u00e9couverte de la ville de Brest et le Finist\u00e8re Sud.","og_url":"https:\/\/www.camping-locronan.fr\/fr\/camping-brest\/","og_site_name":"Camping de Locronan","article_modified_time":"2022-11-02T11:15:47+00:00","og_image":[{"width":1915,"height":514,"url":"https:\/\/www.camping-locronan.fr\/wp-content\/uploads\/2022\/04\/brest-locronan.jpg","type":"image\/jpeg"}],"twitter_card":"summary_large_image","schema":{"@context":"https:\/\/schema.org","@graph":[{"@type":"WebPage","@id":"https:\/\/www.camping-locronan.fr\/fr\/camping-brest\/","url":"https:\/\/www.camping-locronan.fr\/fr\/camping-brest\/","name":"Camping Brest - R\u00e9servez vos vacances \u00e0 Brest au meilleur prix Finist\u00e8re Sud","isPartOf":{"@id":"https:\/\/www.camping-locronan.fr\/fr\/#website"},"primaryImageOfPage":{"@id":"https:\/\/www.camping-locronan.fr\/fr\/camping-brest\/#primaryimage"},"image":{"@id":"https:\/\/www.camping-locronan.fr\/fr\/camping-brest\/#primaryimage"},"thumbnailUrl":"https:\/\/www.camping-locronan.fr\/wp-content\/uploads\/2022\/04\/brest-locronan.jpg","datePublished":"2022-03-24T10:28:52+00:00","dateModified":"2022-11-02T11:15:47+00:00","description":"D\u00e9couvrez le camping Locronan, un camping pr\u00e8s de Brest, id\u00e9al pour partir \u00e0 la d\u00e9couverte de la ville de Brest et le Finist\u00e8re Sud.","breadcrumb":{"@id":"https:\/\/www.camping-locronan.fr\/fr\/camping-brest\/#breadcrumb"},"inLanguage":"fr-FR","potentialAction":[{"@type":"ReadAction","target":["https:\/\/www.camping-locronan.fr\/fr\/camping-brest\/"]}]},{"@type":"ImageObject","inLanguage":"fr-FR","@id":"https:\/\/www.camping-locronan.fr\/fr\/camping-brest\/#primaryimage","url":"https:\/\/www.camping-locronan.fr\/wp-content\/uploads\/2022\/04\/brest-locronan.jpg","contentUrl":"https:\/\/www.camping-locronan.fr\/wp-content\/uploads\/2022\/04\/brest-locronan.jpg","width":1915,"height":514,"caption":"tourisme brest phare"},{"@type":"BreadcrumbList","@id":"https:\/\/www.camping-locronan.fr\/fr\/camping-brest\/#breadcrumb","itemListElement":[{"@type":"ListItem","position":1,"name":"Camping Finist\u00e8re Sud","item":"https:\/\/www.camping-locronan.fr\/fr\/"},{"@type":"ListItem","position":2,"name":"Camping pr\u00e8s de Brest"}]},{"@type":"WebSite","@id":"https:\/\/www.camping-locronan.fr\/fr\/#website","url":"https:\/\/www.camping-locronan.fr\/fr\/","name":"Camping de Locronan","description":"","potentialAction":[{"@type":"SearchAction","target":{"@type":"EntryPoint","urlTemplate":"https:\/\/www.camping-locronan.fr\/fr\/?s={search_term_string}"},"query-input":{"@type":"PropertyValueSpecification","valueRequired":true,"valueName":"search_term_string"}}],"inLanguage":"fr-FR"}]}},"_links":{"self":[{"href":"https:\/\/www.camping-locronan.fr\/fr\/wp-json\/wp\/v2\/pages\/4223"}],"collection":[{"href":"https:\/\/www.camping-locronan.fr\/fr\/wp-json\/wp\/v2\/pages"}],"about":[{"href":"https:\/\/www.camping-locronan.fr\/fr\/wp-json\/wp\/v2\/types\/page"}],"author":[{"embeddable":true,"href":"https:\/\/www.camping-locronan.fr\/fr\/wp-json\/wp\/v2\/users\/1"}],"replies":[{"embeddable":true,"href":"https:\/\/www.camping-locronan.fr\/fr\/wp-json\/wp\/v2\/comments?post=4223"}],"version-history":[{"count":31,"href":"https:\/\/www.camping-locronan.fr\/fr\/wp-json\/wp\/v2\/pages\/4223\/revisions"}],"predecessor-version":[{"id":4824,"href":"https:\/\/www.camping-locronan.fr\/fr\/wp-json\/wp\/v2\/pages\/4223\/revisions\/4824"}],"wp:featuredmedia":[{"embeddable":true,"href":"https:\/\/www.camping-locronan.fr\/fr\/wp-json\/wp\/v2\/media\/4271"}],"wp:attachment":[{"href":"https:\/\/www.camping-locronan.fr\/fr\/wp-json\/wp\/v2\/media?parent=4223"}],"curies":[{"name":"wp","href":"https:\/\/api.w.org\/{rel}","templated":true}]}}